{"id":1337,"date":"2018-10-29T22:29:22","date_gmt":"2018-10-29T22:29:22","guid":{"rendered":"https:\/\/restaurantes-valencia.com\/creativa-fusion\/"},"modified":"2023-02-14T21:57:05","modified_gmt":"2023-02-14T20:57:05","slug":"cucina-fusion-creativa","status":"publish","type":"page","link":"https:\/\/restaurantes-valencia.com\/it\/cucine-e-piatti\/cucina-fusion-creativa\/","title":{"rendered":"Creativa \/ Fusion"},"content":{"rendered":"\t\t<div data-elementor-type=\"wp-post\" data-elementor-id=\"1337\" class=\"elementor elementor-1337 elementor-840\" data-elementor-post-type=\"page\">\n\t\t\t\t\t\t<section class=\"elementor-section elementor-top-section elementor-element elementor-element-846921c elementor-section-boxed elementor-section-height-default elementor-section-height-default\" data-id=\"846921c\" data-element_type=\"section\" data-e-type=\"section\" data-settings=\"{&quot;background_background&quot;:&quot;classic&quot;}\">\n\t\t\t\t\t\t<div class=\"elementor-container elementor-column-gap-default\">\n\t\t\t\t\t<div class=\"elementor-column elementor-col-100 elementor-top-column elementor-element elementor-element-fe91811\" data-id=\"fe91811\" data-element_type=\"column\" data-e-type=\"column\">\n\t\t\t<div class=\"elementor-widget-wrap elementor-element-populated\">\n\t\t\t\t\t\t<div class=\"elementor-element elementor-element-83e3d9f elementor-widget elementor-widget-shortcode\" data-id=\"83e3d9f\" data-element_type=\"widget\" data-e-type=\"widget\" data-widget_type=\"shortcode.default\">\n\t\t\t\t<div class=\"elementor-widget-container\">\n\t\t\t\t\t\t\t<div class=\"elementor-shortcode\"><ins class=\"adsbygoogle\" style=\"display:block\" data-ad-client=\"ca-pub-7847421077389676\" data-ad-slot=\"5989329634\" data-ad-format=\"auto\" data-full-width-responsive=\"true\"><\/ins>\n<script>\n     (adsbygoogle = window.adsbygoogle || []).push({});\n<\/script><\/div>\n\t\t\t\t\t\t<\/div>\n\t\t\t\t<\/div>\n\t\t\t\t\t<\/div>\n\t\t<\/div>\n\t\t\t\t\t<\/div>\n\t\t<\/section>\n\t\t\t\t<section class=\"elementor-section elementor-top-section elementor-element elementor-element-d77a2de elementor-section-boxed elementor-section-height-default elementor-section-height-default\" data-id=\"d77a2de\" data-element_type=\"section\" data-e-type=\"section\">\n\t\t\t\t\t\t<div class=\"elementor-container elementor-column-gap-default\">\n\t\t\t\t\t<div class=\"elementor-column elementor-col-66 elementor-top-column elementor-element elementor-element-e67b704\" data-id=\"e67b704\" data-element_type=\"column\" data-e-type=\"column\">\n\t\t\t<div class=\"elementor-widget-wrap elementor-element-populated\">\n\t\t\t\t\t\t<div class=\"elementor-element elementor-element-1ea67f7 elementor-widget elementor-widget-heading\" data-id=\"1ea67f7\" data-element_type=\"widget\" data-e-type=\"widget\" data-widget_type=\"heading.default\">\n\t\t\t\t<div class=\"elementor-widget-container\">\n\t\t\t\t\t<h1 class=\"elementor-heading-title elementor-size-default\">Creativa \/ Fusion<\/h1>\t\t\t\t<\/div>\n\t\t\t\t<\/div>\n\t\t\t\t<div class=\"elementor-element elementor-element-a0fee62 elementor-widget elementor-widget-text-editor\" data-id=\"a0fee62\" data-element_type=\"widget\" data-e-type=\"widget\" data-widget_type=\"text-editor.default\">\n\t\t\t\t<div class=\"elementor-widget-container\">\n\t\t\t\t\t\t\t\t\t<p style=\"text-align: justify;\">Vogliamo dedicare questa categoria a quei ristoranti il cui scopo \u00e8 quello di elevare il sapore e la sorpresa alla massima potenza attraverso la combinazione di elementi culinari di culture diverse, con i quali creano nuove tendenze gastronomiche e provocano sensazioni speciali nei palati pi\u00f9 curiosi. Cucina creativa e cucina fusion<\/p>\n\t\t\t\t\t\t\t\t<\/div>\n\t\t\t\t<\/div>\n\t\t\t\t<div class=\"elementor-element elementor-element-b3900bb elementor-widget elementor-widget-jet-listing-grid\" data-id=\"b3900bb\" data-element_type=\"widget\" data-e-type=\"widget\" data-settings=\"{&quot;columns&quot;:&quot;2&quot;,&quot;columns_mobile&quot;:&quot;1&quot;}\" data-widget_type=\"jet-listing-grid.default\">\n\t\t\t\t<div class=\"elementor-widget-container\">\n\t\t\t\t\t<div class=\"jet-listing-grid jet-listing\"><div class=\"jet-listing-grid__items grid-col-desk-2 grid-col-tablet-2 grid-col-mobile-1 jet-listing-grid--3982\" data-queried-id=\"1337|WP_Post\" data-nav=\"{&quot;enabled&quot;:false,&quot;type&quot;:null,&quot;more_el&quot;:null,&quot;query&quot;:[],&quot;widget_settings&quot;:{&quot;lisitng_id&quot;:3982,&quot;posts_num&quot;:6,&quot;columns&quot;:2,&quot;columns_tablet&quot;:2,&quot;columns_mobile&quot;:1,&quot;column_min_width&quot;:240,&quot;column_min_width_tablet&quot;:240,&quot;column_min_width_mobile&quot;:240,&quot;inline_columns_css&quot;:false,&quot;is_archive_template&quot;:&quot;&quot;,&quot;post_status&quot;:[&quot;publish&quot;],&quot;use_random_posts_num&quot;:&quot;&quot;,&quot;max_posts_num&quot;:9,&quot;not_found_message&quot;:&quot;.....&quot;,&quot;is_masonry&quot;:false,&quot;equal_columns_height&quot;:&quot;&quot;,&quot;use_load_more&quot;:&quot;&quot;,&quot;load_more_id&quot;:&quot;&quot;,&quot;load_more_type&quot;:&quot;click&quot;,&quot;load_more_offset&quot;:{&quot;unit&quot;:&quot;px&quot;,&quot;size&quot;:0,&quot;sizes&quot;:[]},&quot;use_custom_post_types&quot;:&quot;&quot;,&quot;custom_post_types&quot;:[],&quot;hide_widget_if&quot;:&quot;&quot;,&quot;carousel_enabled&quot;:&quot;&quot;,&quot;slides_to_scroll&quot;:&quot;1&quot;,&quot;arrows&quot;:&quot;true&quot;,&quot;arrow_icon&quot;:&quot;fa fa-angle-left&quot;,&quot;dots&quot;:&quot;&quot;,&quot;autoplay&quot;:&quot;true&quot;,&quot;pause_on_hover&quot;:&quot;true&quot;,&quot;autoplay_speed&quot;:5000,&quot;infinite&quot;:&quot;true&quot;,&quot;center_mode&quot;:&quot;&quot;,&quot;effect&quot;:&quot;slide&quot;,&quot;speed&quot;:500,&quot;inject_alternative_items&quot;:&quot;&quot;,&quot;injection_items&quot;:[],&quot;scroll_slider_enabled&quot;:&quot;&quot;,&quot;scroll_slider_on&quot;:[&quot;desktop&quot;,&quot;tablet&quot;,&quot;mobile&quot;],&quot;custom_query&quot;:&quot;yes&quot;,&quot;custom_query_id&quot;:&quot;5&quot;,&quot;_element_id&quot;:&quot;&quot;,&quot;collapse_first_last_gap&quot;:false,&quot;list_tag_selection&quot;:&quot;&quot;,&quot;list_items_wrapper_tag&quot;:&quot;div&quot;,&quot;list_item_tag&quot;:&quot;div&quot;,&quot;empty_items_wrapper_tag&quot;:&quot;div&quot;}}\" data-page=\"1\" data-pages=\"1\" data-listing-source=\"query\" data-listing-id=\"3982\" data-query-id=\"5\"><div class=\"jet-listing-grid__item jet-listing-dynamic-post-3933\" data-post-id=\"3933\"  >\t\t<div data-elementor-type=\"jet-listing-items\" data-elementor-id=\"3982\" class=\"elementor elementor-3982\" data-elementor-post-type=\"jet-engine\">\n\t\t\t\t\t\t<section class=\"elementor-section elementor-top-section elementor-element elementor-element-979361a elementor-section-boxed elementor-section-height-default elementor-section-height-default\" data-id=\"979361a\" data-element_type=\"section\" data-e-type=\"section\">\n\t\t\t\t\t\t<div class=\"elementor-container elementor-column-gap-default\">\n\t\t\t\t\t<div class=\"elementor-column elementor-col-100 elementor-top-column elementor-element elementor-element-8e5d127\" data-id=\"8e5d127\" data-element_type=\"column\" data-e-type=\"column\">\n\t\t\t<div class=\"elementor-widget-wrap elementor-element-populated\">\n\t\t\t\t\t\t<div class=\"elementor-element elementor-element-fd2ec9d elementor-widget elementor-widget-jet-listing-dynamic-image\" data-id=\"fd2ec9d\" data-element_type=\"widget\" data-e-type=\"widget\" data-widget_type=\"jet-listing-dynamic-image.default\">\n\t\t\t\t<div class=\"elementor-widget-container\">\n\t\t\t\t\t<div class=\"jet-listing jet-listing-dynamic-image\" ><a href=\"https:\/\/restaurantes-valencia.com\/it\/ristoranti\/ristorante-quina\/\" class=\"jet-listing-dynamic-image__link\"><img fetchpriority=\"high\" decoding=\"async\" width=\"700\" height=\"300\" src=\"https:\/\/restaurantes-valencia.com\/wp-content\/uploads\/quina-restaurante-vlc.jpg\" class=\"jet-listing-dynamic-image__img attachment-full size-full wp-post-image\" alt=\"Quina - Cocina peruana en Valencia \" srcset=\"https:\/\/restaurantes-valencia.com\/wp-content\/uploads\/quina-restaurante-vlc.jpg 700w, https:\/\/restaurantes-valencia.com\/wp-content\/uploads\/quina-restaurante-vlc-300x129.jpg 300w\" sizes=\"(max-width: 700px) 100vw, 700px\" loading=\"eager\" \/><\/a><\/div>\t\t\t\t<\/div>\n\t\t\t\t<\/div>\n\t\t\t\t<div class=\"elementor-element elementor-element-0f140c4 elementor-widget elementor-widget-jet-listing-dynamic-link\" data-id=\"0f140c4\" data-element_type=\"widget\" data-e-type=\"widget\" data-widget_type=\"jet-listing-dynamic-link.default\">\n\t\t\t\t<div class=\"elementor-widget-container\">\n\t\t\t\t\t<div class=\"jet-listing jet-listing-dynamic-link\"><a href=\"https:\/\/restaurantes-valencia.com\/it\/ristoranti\/ristorante-quina\/\" class=\"jet-listing-dynamic-link__link\"><span class=\"jet-listing-dynamic-link__label\">Quina<\/span><\/a><\/div>\t\t\t\t<\/div>\n\t\t\t\t<\/div>\n\t\t\t\t<div class=\"elementor-element elementor-element-52c0d53 elementor-widget elementor-widget-jet-listing-dynamic-link\" data-id=\"52c0d53\" data-element_type=\"widget\" data-e-type=\"widget\" data-widget_type=\"jet-listing-dynamic-link.default\">\n\t\t\t\t<div class=\"elementor-widget-container\">\n\t\t\t\t\t<div class=\"jet-listing jet-listing-dynamic-link\"><a href=\"https:\/\/restaurantes-valencia.com\/it\/ristoranti\/ristorante-quina\/\" class=\"jet-listing-dynamic-link__link\" target=\"_blank\"><span class=\"jet-listing-dynamic-link__label\">Calle Antonio Su\u00e1rez, 29 Bajo izquierda - 46022<\/span><\/a><\/div>\t\t\t\t<\/div>\n\t\t\t\t<\/div>\n\t\t\t\t<div class=\"elementor-element elementor-element-d4dd4d4 elementor-widget elementor-widget-jet-listing-dynamic-link\" data-id=\"d4dd4d4\" data-element_type=\"widget\" data-e-type=\"widget\" data-widget_type=\"jet-listing-dynamic-link.default\">\n\t\t\t\t<div class=\"elementor-widget-container\">\n\t\t\t\t\t<div class=\"jet-listing jet-listing-dynamic-link\"><a href=\"Tel:+34962140048\" class=\"jet-listing-dynamic-link__link\" target=\"_blank\"><i class=\"jet-listing-dynamic-link__icon fas fa-phone-volume\" aria-hidden=\"true\"><\/i><span class=\"jet-listing-dynamic-link__label\">962140048<\/span><\/a><\/div>\t\t\t\t<\/div>\n\t\t\t\t<\/div>\n\t\t\t\t<div class=\"elementor-element elementor-element-25fa643 elementor-widget elementor-widget-jet-listing-dynamic-field\" data-id=\"25fa643\" data-element_type=\"widget\" data-e-type=\"widget\" data-widget_type=\"jet-listing-dynamic-field.default\">\n\t\t\t\t<div class=\"elementor-widget-container\">\n\t\t\t\t\t<div class=\"jet-listing jet-listing-dynamic-field display-inline\"><div class=\"jet-listing-dynamic-field__inline-wrap\"><div class=\"jet-listing-dynamic-field__content\" >La cucina del ristorante Quina prepara piatti tipici della cucina peruana aggiungendo uno stile proprio che, unito al servizio attento e professionale, rende unica l'esperienza culinaria.<\/div><\/div><\/div>\t\t\t\t<\/div>\n\t\t\t\t<\/div>\n\t\t\t\t\t<\/div>\n\t\t<\/div>\n\t\t\t\t\t<\/div>\n\t\t<\/section>\n\t\t\t\t<\/div>\n\t\t<\/div><div class=\"jet-listing-grid__item jet-listing-dynamic-post-3866\" data-post-id=\"3866\"  >\t\t<div data-elementor-type=\"jet-listing-items\" data-elementor-id=\"3982\" class=\"elementor elementor-3982\" data-elementor-post-type=\"jet-engine\">\n\t\t\t\t\t\t<section class=\"elementor-section elementor-top-section elementor-element elementor-element-979361a elementor-section-boxed elementor-section-height-default elementor-section-height-default\" data-id=\"979361a\" data-element_type=\"section\" data-e-type=\"section\">\n\t\t\t\t\t\t<div class=\"elementor-container elementor-column-gap-default\">\n\t\t\t\t\t<div class=\"elementor-column elementor-col-100 elementor-top-column elementor-element elementor-element-8e5d127\" data-id=\"8e5d127\" data-element_type=\"column\" data-e-type=\"column\">\n\t\t\t<div class=\"elementor-widget-wrap elementor-element-populated\">\n\t\t\t\t\t\t<div class=\"elementor-element elementor-element-fd2ec9d elementor-widget elementor-widget-jet-listing-dynamic-image\" data-id=\"fd2ec9d\" data-element_type=\"widget\" data-e-type=\"widget\" data-widget_type=\"jet-listing-dynamic-image.default\">\n\t\t\t\t<div class=\"elementor-widget-container\">\n\t\t\t\t\t<div class=\"jet-listing jet-listing-dynamic-image\" ><a href=\"https:\/\/restaurantes-valencia.com\/it\/ristoranti\/ristorante-paraiso-travel\/\" class=\"jet-listing-dynamic-image__link\"><img decoding=\"async\" width=\"700\" height=\"300\" src=\"https:\/\/restaurantes-valencia.com\/wp-content\/uploads\/rest-paraiso-travel.jpg\" class=\"jet-listing-dynamic-image__img attachment-full size-full wp-post-image\" alt=\"Taberna Paraiso Travel - Junior Franco\" srcset=\"https:\/\/restaurantes-valencia.com\/wp-content\/uploads\/rest-paraiso-travel.jpg 700w, https:\/\/restaurantes-valencia.com\/wp-content\/uploads\/rest-paraiso-travel-300x129.jpg 300w\" sizes=\"(max-width: 700px) 100vw, 700px\" loading=\"eager\" \/><\/a><\/div>\t\t\t\t<\/div>\n\t\t\t\t<\/div>\n\t\t\t\t<div class=\"elementor-element elementor-element-0f140c4 elementor-widget elementor-widget-jet-listing-dynamic-link\" data-id=\"0f140c4\" data-element_type=\"widget\" data-e-type=\"widget\" data-widget_type=\"jet-listing-dynamic-link.default\">\n\t\t\t\t<div class=\"elementor-widget-container\">\n\t\t\t\t\t<div class=\"jet-listing jet-listing-dynamic-link\"><a href=\"https:\/\/restaurantes-valencia.com\/it\/ristoranti\/ristorante-paraiso-travel\/\" class=\"jet-listing-dynamic-link__link\"><span class=\"jet-listing-dynamic-link__label\">Taberna Para\u00edso Travel<\/span><\/a><\/div>\t\t\t\t<\/div>\n\t\t\t\t<\/div>\n\t\t\t\t<div class=\"elementor-element elementor-element-52c0d53 elementor-widget elementor-widget-jet-listing-dynamic-link\" data-id=\"52c0d53\" data-element_type=\"widget\" data-e-type=\"widget\" data-widget_type=\"jet-listing-dynamic-link.default\">\n\t\t\t\t<div class=\"elementor-widget-container\">\n\t\t\t\t\t<div class=\"jet-listing jet-listing-dynamic-link\"><a href=\"https:\/\/restaurantes-valencia.com\/it\/ristoranti\/ristorante-paraiso-travel\/\" class=\"jet-listing-dynamic-link__link\" target=\"_blank\"><span class=\"jet-listing-dynamic-link__label\">Carrer de la carda, 6<\/span><\/a><\/div>\t\t\t\t<\/div>\n\t\t\t\t<\/div>\n\t\t\t\t<div class=\"elementor-element elementor-element-d4dd4d4 elementor-widget elementor-widget-jet-listing-dynamic-link\" data-id=\"d4dd4d4\" data-element_type=\"widget\" data-e-type=\"widget\" data-widget_type=\"jet-listing-dynamic-link.default\">\n\t\t\t\t<div class=\"elementor-widget-container\">\n\t\t\t\t\t<div class=\"jet-listing jet-listing-dynamic-link\"><a href=\"Tel:+34691549209\" class=\"jet-listing-dynamic-link__link\" target=\"_blank\"><i class=\"jet-listing-dynamic-link__icon fas fa-phone-volume\" aria-hidden=\"true\"><\/i><span class=\"jet-listing-dynamic-link__label\">691549209<\/span><\/a><\/div>\t\t\t\t<\/div>\n\t\t\t\t<\/div>\n\t\t\t\t<div class=\"elementor-element elementor-element-25fa643 elementor-widget elementor-widget-jet-listing-dynamic-field\" data-id=\"25fa643\" data-element_type=\"widget\" data-e-type=\"widget\" data-widget_type=\"jet-listing-dynamic-field.default\">\n\t\t\t\t<div class=\"elementor-widget-container\">\n\t\t\t\t\t<div class=\"jet-listing jet-listing-dynamic-field display-inline\"><div class=\"jet-listing-dynamic-field__inline-wrap\"><div class=\"jet-listing-dynamic-field__content\" >Cucina fusion e cucina creativa sono aggettivi che definiscono la tecnica culinaria e la ricerca di curiosi abbinamenti che sorprendono il cliente che osa provare la proposta gastronomica della Taverna Paraiso Travel offerta dallo chef Junior Franco. <\/div><\/div><\/div>\t\t\t\t<\/div>\n\t\t\t\t<\/div>\n\t\t\t\t\t<\/div>\n\t\t<\/div>\n\t\t\t\t\t<\/div>\n\t\t<\/section>\n\t\t\t\t<\/div>\n\t\t<\/div><\/div><\/div>\t\t\t\t<\/div>\n\t\t\t\t<\/div>\n\t\t\t\t\t<\/div>\n\t\t<\/div>\n\t\t\t\t<div class=\"elementor-column elementor-col-33 elementor-top-column elementor-element elementor-element-cd90b59\" data-id=\"cd90b59\" data-element_type=\"column\" data-e-type=\"column\">\n\t\t\t<div class=\"elementor-widget-wrap elementor-element-populated\">\n\t\t\t\t\t\t<div class=\"elementor-element elementor-element-bfb3d73 elementor-widget elementor-widget-shortcode\" data-id=\"bfb3d73\" data-element_type=\"widget\" data-e-type=\"widget\" data-settings=\"{&quot;sticky&quot;:&quot;top&quot;,&quot;sticky_offset&quot;:80,&quot;sticky_effects_offset&quot;:80,&quot;sticky_parent&quot;:&quot;yes&quot;,&quot;sticky_on&quot;:[&quot;desktop&quot;,&quot;tablet&quot;,&quot;mobile&quot;],&quot;sticky_anchor_link_offset&quot;:0}\" data-widget_type=\"shortcode.default\">\n\t\t\t\t<div class=\"elementor-widget-container\">\n\t\t\t\t\t\t\t<div class=\"elementor-shortcode\"><ins class=\"adsbygoogle\" style=\"display:block\" data-ad-client=\"ca-pub-7847421077389676\" data-ad-slot=\"7845336789\" data-ad-format=\"auto\" data-full-width-responsive=\"true\"><\/ins>\n<script>\n     (adsbygoogle = window.adsbygoogle || []).push({});\n<\/script><\/div>\n\t\t\t\t\t\t<\/div>\n\t\t\t\t<\/div>\n\t\t\t\t\t<\/div>\n\t\t<\/div>\n\t\t\t\t\t<\/div>\n\t\t<\/section>\n\t\t\t\t<section class=\"elementor-section elementor-top-section elementor-element elementor-element-b95cc6e elementor-section-boxed elementor-section-height-default elementor-section-height-default\" data-id=\"b95cc6e\" data-element_type=\"section\" data-e-type=\"section\">\n\t\t\t\t\t\t<div class=\"elementor-container elementor-column-gap-default\">\n\t\t\t\t\t<div class=\"elementor-column elementor-col-66 elementor-top-column elementor-element elementor-element-efead86\" data-id=\"efead86\" data-element_type=\"column\" data-e-type=\"column\">\n\t\t\t<div class=\"elementor-widget-wrap elementor-element-populated\">\n\t\t\t\t\t\t<div class=\"elementor-element elementor-element-798dc78 elementor-widget elementor-widget-heading\" data-id=\"798dc78\" data-element_type=\"widget\" data-e-type=\"widget\" data-widget_type=\"heading.default\">\n\t\t\t\t<div class=\"elementor-widget-container\">\n\t\t\t\t\t<h2 class=\"elementor-heading-title elementor-size-default\">Cocina creativa y cocina fusi\u00f3n<\/h2>\t\t\t\t<\/div>\n\t\t\t\t<\/div>\n\t\t\t\t<div class=\"elementor-element elementor-element-897e56c elementor-widget elementor-widget-text-editor\" data-id=\"897e56c\" data-element_type=\"widget\" data-e-type=\"widget\" data-widget_type=\"text-editor.default\">\n\t\t\t\t<div class=\"elementor-widget-container\">\n\t\t\t\t\t\t\t\t\t<p>In questa sezione \u00e8 possibile trovare una serie di ristoranti, che fanno parte della selezione che proponiamo in base alla buona relazione qualit\u00e0-prezzo che possiedono, che vengono identificati grazie alla loro caratteristica principale: avere una cucina, un\u2019offerta culinaria, che viene definita dal mondo gastronomico come \u201ccucina creativa\u201d oppure come \u201ccucina fusion\u201d.<\/p>\n<p>Bisogna portare attenzione al termine \u201ccreativa\u201d, perch\u00e9 la cucina, per sua natura, \u00e8 creativa. Infatti il bisogno di nutrirsi che possiede l\u2019uomo ha portato alla nascita dei piatti popolari, tradizionali, creati appunto con gli elementi che le persone avevano attorno a s\u00e9.<\/p>\n<h2>La creativit\u00e0 in cucina<\/h2>\n<p>In questo caso parliamo di \u201ccreativit\u00e0\u201d come ricerca di una cucina che vuole soddisfare i nuovi bisogni culinari, cio\u00e8 conoscere nuovi sapori e abbinamenti. Al giorno d\u2019oggi, tutto ci\u00f2 viene reso pi\u00f9 semplice grazie all\u2019accesso all\u2019informazione gastronomica, che comprende anche la conoscenza di nuovi strumenti e tecniche culinarie, e all\u2019approvvigionamento di materie prime che nascono o crescono in terre lontane. Per non sbagliarsi sarebbe pi\u00f9 corretto utilizzare l\u2019aggettivo \u201ccucina innovativa\u201d per sostituire quello di \u201ccucina creativa\u201d.<\/p>\n<h2>Cucina fusion: combinazione di sapori<\/h2>\n<p>Per quanto riguardo la cucina fusion possiamo dire che \u00e8 uno studio di sapori e abbinamenti peculiari che nascono grazie alla capacit\u00e0 dei cuochi di unire ingredienti provenienti da culture differenti. La combinazione dei diversi elementi gastronomici porta ad un risultato finale non riconducibile ad una tradizione culinaria precisa. <\/p>\n<p>Questa sezione \u00e8 dedicata a quei ristoranti che presentano un menu con una variet\u00e0 di piatti che sono il risultato della ricerca di nuovi sapori, realizzata attraverso un sapiente utilizzo di materie prime provenienti da culture diverse. Non ci riferiamo quindi a ristoranti che offrono demplicemente menu con piatti di diversi Paesi.<\/p>\n<h3>Suggerimenti:<\/h3>\n<p>Consigliamo di dedicare un po\u2019 del proprio tempo per leggere alcuni articoli del nostro blog, che \u00e8 stato suddiviso in tre parti: \u201c<a href=\"\/blog-gastronomico\/diario-gastronomico\/\">gastro diario<\/a>\u201d, per racchiudere le informazioni riguardo le abitudini gastronomiche della citt\u00e0 di Valencia, gli orari dei pasti, le tipologie di men\u00f9 che vengono offerte e molte altre curiosit\u00e0; \u201c<a href=\"https:\/\/restaurantes-valencia.com\/it\/blog-gastronomico-di-valencia\/cultura-gastronomica-valenciana\/\">gastro cultura<\/a>\u201d che contiene informazioni che aiutano a comprendere la cultura gastronomica valenciana; \u201c<a href=\"https:\/\/restaurantes-valencia.com\/it\/blog-gastronomico-di-valencia\/piatti-tipici-valencia\/\">piatti tipici<\/a>\u201d dove vengono descritti le pietanze che caratterizzano la gastronomia di Valencia, non solo citando i loro ingredienti e metodo di preparazione, ma anche le loro peculiare storia ed origine.<\/p>\n<p>\u201cPiero Viajero\u201d, personaggio fantasioso, \u00e8 stato scelto come ambasciatore gastronomico di questa selezione di ristoranti. Se vuoi conoscerlo meglio leggi la \u201c<a href=\"http:\/\/www.turismoeticovalencia.com\/curiosa-entrevista-a-piero-viajero\/\" target=\"_blank\" rel=\"noopener\">curiosa intervista<\/a>\u201d dove lui stesso si presenta e racconta.<\/p>\n\t\t\t\t\t\t\t\t<\/div>\n\t\t\t\t<\/div>\n\t\t\t\t\t<\/div>\n\t\t<\/div>\n\t\t\t\t<div class=\"elementor-column elementor-col-33 elementor-top-column elementor-element elementor-element-923b58c\" data-id=\"923b58c\" data-element_type=\"column\" data-e-type=\"column\">\n\t\t\t<div class=\"elementor-widget-wrap\">\n\t\t\t\t\t\t\t<\/div>\n\t\t<\/div>\n\t\t\t\t\t<\/div>\n\t\t<\/section>\n\t\t\t\t<\/div>\n\t\t","protected":false},"excerpt":{"rendered":"<p>Vogliamo dedicare questa categoria a quei ristoranti il cui scopo \u00e8 quello di elevare il sapore e la sorpresa alla massima potenza attraverso la combinazione di elementi culinari di culture diverse, con i quali creano nuove tendenze gastronomiche e provocano sensazioni speciali nei palati pi\u00f9 curiosi. Cucina creativa e cucina fusion La cocina del restaurante [&hellip;]<\/p>\n","protected":false},"author":1,"featured_media":1657,"parent":1347,"menu_order":0,"comment_status":"closed","ping_status":"closed","template":"","meta":{"footnotes":""},"class_list":["post-1337","page","type-page","status-publish","has-post-thumbnail","hentry"],"_links":{"self":[{"href":"https:\/\/restaurantes-valencia.com\/it\/wp-json\/wp\/v2\/pages\/1337","targetHints":{"allow":["GET"]}}],"collection":[{"href":"https:\/\/restaurantes-valencia.com\/it\/wp-json\/wp\/v2\/pages"}],"about":[{"href":"https:\/\/restaurantes-valencia.com\/it\/wp-json\/wp\/v2\/types\/page"}],"author":[{"embeddable":true,"href":"https:\/\/restaurantes-valencia.com\/it\/wp-json\/wp\/v2\/users\/1"}],"replies":[{"embeddable":true,"href":"https:\/\/restaurantes-valencia.com\/it\/wp-json\/wp\/v2\/comments?post=1337"}],"version-history":[{"count":34,"href":"https:\/\/restaurantes-valencia.com\/it\/wp-json\/wp\/v2\/pages\/1337\/revisions"}],"predecessor-version":[{"id":6641,"href":"https:\/\/restaurantes-valencia.com\/it\/wp-json\/wp\/v2\/pages\/1337\/revisions\/6641"}],"up":[{"embeddable":true,"href":"https:\/\/restaurantes-valencia.com\/it\/wp-json\/wp\/v2\/pages\/1347"}],"wp:featuredmedia":[{"embeddable":true,"href":"https:\/\/restaurantes-valencia.com\/it\/wp-json\/wp\/v2\/media\/1657"}],"wp:attachment":[{"href":"https:\/\/restaurantes-valencia.com\/it\/wp-json\/wp\/v2\/media?parent=1337"}],"curies":[{"name":"wp","href":"https:\/\/api.w.org\/{rel}","templated":true}]}}