{"id":5784,"date":"2022-12-02T08:15:08","date_gmt":"2022-12-02T07:15:08","guid":{"rendered":"https:\/\/restaurantes-valencia.com\/ristorazione-a-valencia\/servizi-e-progetti\/"},"modified":"2022-12-02T10:19:57","modified_gmt":"2022-12-02T09:19:57","slug":"servizi-e-progetti","status":"publish","type":"page","link":"https:\/\/restaurantes-valencia.com\/it\/ristorazione-a-valencia\/servizi-e-progetti\/","title":{"rendered":"Servizi e progetti"},"content":{"rendered":"\t\t<div data-elementor-type=\"wp-page\" data-elementor-id=\"5784\" class=\"elementor elementor-5784 elementor-4871\" data-elementor-post-type=\"page\">\n\t\t\t\t\t\t<section class=\"elementor-section elementor-top-section elementor-element elementor-element-f840666 elementor-section-boxed elementor-section-height-default elementor-section-height-default\" data-id=\"f840666\" data-element_type=\"section\" data-e-type=\"section\">\n\t\t\t\t\t\t<div class=\"elementor-container elementor-column-gap-default\">\n\t\t\t\t\t<div class=\"elementor-column elementor-col-100 elementor-top-column elementor-element elementor-element-f770b98\" data-id=\"f770b98\" data-element_type=\"column\" data-e-type=\"column\">\n\t\t\t<div class=\"elementor-widget-wrap elementor-element-populated\">\n\t\t\t\t\t\t<div class=\"elementor-element elementor-element-c05a0d9 elementor-widget elementor-widget-shortcode\" data-id=\"c05a0d9\" data-element_type=\"widget\" data-e-type=\"widget\" data-widget_type=\"shortcode.default\">\n\t\t\t\t<div class=\"elementor-widget-container\">\n\t\t\t\t\t\t\t<div class=\"elementor-shortcode\"><ins class=\"adsbygoogle\" style=\"display:block\" data-ad-client=\"ca-pub-7847421077389676\" data-ad-slot=\"5989329634\" data-ad-format=\"auto\" data-full-width-responsive=\"true\"><\/ins>\n<script>\n     (adsbygoogle = window.adsbygoogle || []).push({});\n<\/script><\/div>\n\t\t\t\t\t\t<\/div>\n\t\t\t\t<\/div>\n\t\t\t\t\t<\/div>\n\t\t<\/div>\n\t\t\t\t\t<\/div>\n\t\t<\/section>\n\t\t\t\t<section class=\"elementor-section elementor-top-section elementor-element elementor-element-1af9f5e elementor-section-boxed elementor-section-height-default elementor-section-height-default\" data-id=\"1af9f5e\" data-element_type=\"section\" data-e-type=\"section\">\n\t\t\t\t\t\t<div class=\"elementor-container elementor-column-gap-default\">\n\t\t\t\t\t<div class=\"elementor-column elementor-col-50 elementor-top-column elementor-element elementor-element-cd62aff\" data-id=\"cd62aff\" data-element_type=\"column\" data-e-type=\"column\">\n\t\t\t<div class=\"elementor-widget-wrap elementor-element-populated\">\n\t\t\t\t\t\t<div class=\"elementor-element elementor-element-d601520 elementor-widget elementor-widget-heading\" data-id=\"d601520\" data-element_type=\"widget\" data-e-type=\"widget\" data-widget_type=\"heading.default\">\n\t\t\t\t<div class=\"elementor-widget-container\">\n\t\t\t\t\t<h1 class=\"elementor-heading-title elementor-size-default\">Servizi e progetti<\/h1>\t\t\t\t<\/div>\n\t\t\t\t<\/div>\n\t\t\t\t<div class=\"elementor-element elementor-element-33f8fad elementor-widget elementor-widget-heading\" data-id=\"33f8fad\" data-element_type=\"widget\" data-e-type=\"widget\" data-widget_type=\"heading.default\">\n\t\t\t\t<div class=\"elementor-widget-container\">\n\t\t\t\t\t<h2 class=\"elementor-heading-title elementor-size-default\">Seriet\u00e0 e professionalit\u00e0 prima di tutto<\/h2>\t\t\t\t<\/div>\n\t\t\t\t<\/div>\n\t\t\t\t<div class=\"elementor-element elementor-element-3325e3d elementor-widget elementor-widget-text-editor\" data-id=\"3325e3d\" data-element_type=\"widget\" data-e-type=\"widget\" data-widget_type=\"text-editor.default\">\n\t\t\t\t<div class=\"elementor-widget-container\">\n\t\t\t\t\t\t\t\t\t<p>Empresas que satisfacen las necesidades de los clientes en relaci\u00f3n con el dise\u00f1o de locales, la venta y el montaje de maquinaria o que analizan y producen dise\u00f1os gr\u00e1ficos, como logotipos, carteles y men\u00fas. Servicios y proyectos para el mundo HORECA<\/p>\n\t\t\t\t\t\t\t\t<\/div>\n\t\t\t\t<\/div>\n\t\t\t\t\t<\/div>\n\t\t<\/div>\n\t\t\t\t<div class=\"elementor-column elementor-col-50 elementor-top-column elementor-element elementor-element-394c198\" data-id=\"394c198\" data-element_type=\"column\" data-e-type=\"column\">\n\t\t\t<div class=\"elementor-widget-wrap elementor-element-populated\">\n\t\t\t\t\t\t<div class=\"elementor-element elementor-element-d770e08 elementor-widget elementor-widget-html\" data-id=\"d770e08\" data-element_type=\"widget\" data-e-type=\"widget\" data-widget_type=\"html.default\">\n\t\t\t\t<div class=\"elementor-widget-container\">\n\t\t\t\t\t\n<!-- Blog - cuadrado - Primero -->\n<ins class=\"adsbygoogle\" style=\"display:inline-block;width:250px;height:250px\" data-ad-client=\"ca-pub-7847421077389676\" data-ad-slot=\"7940196473\"><\/ins>\n<script>\n     (adsbygoogle = window.adsbygoogle || []).push({});\n<\/script>\n\t\t\t\t<\/div>\n\t\t\t\t<\/div>\n\t\t\t\t\t<\/div>\n\t\t<\/div>\n\t\t\t\t\t<\/div>\n\t\t<\/section>\n\t\t\t\t<section class=\"elementor-section elementor-top-section elementor-element elementor-element-f5d7f2c elementor-section-boxed elementor-section-height-default elementor-section-height-default\" data-id=\"f5d7f2c\" data-element_type=\"section\" data-e-type=\"section\">\n\t\t\t\t\t\t<div class=\"elementor-container elementor-column-gap-default\">\n\t\t\t\t\t<div class=\"elementor-column elementor-col-50 elementor-top-column elementor-element elementor-element-e92cd57\" data-id=\"e92cd57\" data-element_type=\"column\" data-e-type=\"column\">\n\t\t\t<div class=\"elementor-widget-wrap elementor-element-populated\">\n\t\t\t\t\t\t<div class=\"elementor-element elementor-element-2c8b284 elementor-widget elementor-widget-jet-listing-grid\" data-id=\"2c8b284\" data-element_type=\"widget\" data-e-type=\"widget\" data-settings=\"{&quot;columns&quot;:&quot;2&quot;,&quot;columns_mobile&quot;:&quot;1&quot;}\" data-widget_type=\"jet-listing-grid.default\">\n\t\t\t\t<div class=\"elementor-widget-container\">\n\t\t\t\t\t<div class=\"jet-listing-grid jet-listing-grid--lazy-load jet-listing jet-listing-grid-loading\" data-lazy-load=\"{&quot;offset&quot;:&quot;0px&quot;,&quot;post_id&quot;:5784,&quot;queried_id&quot;:&quot;5784|WP_Post&quot;}\"><div class=\"jet-listing-grid__loader\"><div class=\"jet-listing-grid__loader-spinner\"><\/div><\/div><\/div>\t\t\t\t<\/div>\n\t\t\t\t<\/div>\n\t\t\t\t\t<\/div>\n\t\t<\/div>\n\t\t\t\t<div class=\"elementor-column elementor-col-50 elementor-top-column elementor-element elementor-element-643bfea\" data-id=\"643bfea\" data-element_type=\"column\" data-e-type=\"column\">\n\t\t\t<div class=\"elementor-widget-wrap elementor-element-populated\">\n\t\t\t\t\t\t<div class=\"elementor-element elementor-element-131bb03 elementor-widget elementor-widget-html\" data-id=\"131bb03\" data-element_type=\"widget\" data-e-type=\"widget\" data-widget_type=\"html.default\">\n\t\t\t\t<div class=\"elementor-widget-container\">\n\t\t\t\t\t\n<!-- Blog - cuadrado - Primero -->\n<ins class=\"adsbygoogle\" style=\"display:inline-block;width:250px;height:250px\" data-ad-client=\"ca-pub-7847421077389676\" data-ad-slot=\"7940196473\"><\/ins>\n<script>\n     (adsbygoogle = window.adsbygoogle || []).push({});\n<\/script>\n\t\t\t\t<\/div>\n\t\t\t\t<\/div>\n\t\t\t\t\t<\/div>\n\t\t<\/div>\n\t\t\t\t\t<\/div>\n\t\t<\/section>\n\t\t\t\t<\/div>\n\t\t","protected":false},"excerpt":{"rendered":"<p>Seriet\u00e0 e professionalit\u00e0 prima di tutto Empresas que satisfacen las necesidades de los clientes en relaci\u00f3n con el dise\u00f1o de locales, la venta y el montaje de maquinaria o que analizan y producen dise\u00f1os gr\u00e1ficos, como logotipos, carteles y men\u00fas. Servicios y proyectos para el mundo HORECA<\/p>\n","protected":false},"author":1,"featured_media":5769,"parent":5771,"menu_order":0,"comment_status":"closed","ping_status":"closed","template":"","meta":{"footnotes":""},"class_list":["post-5784","page","type-page","status-publish","has-post-thumbnail","hentry"],"_links":{"self":[{"href":"https:\/\/restaurantes-valencia.com\/it\/wp-json\/wp\/v2\/pages\/5784","targetHints":{"allow":["GET"]}}],"collection":[{"href":"https:\/\/restaurantes-valencia.com\/it\/wp-json\/wp\/v2\/pages"}],"about":[{"href":"https:\/\/restaurantes-valencia.com\/it\/wp-json\/wp\/v2\/types\/page"}],"author":[{"embeddable":true,"href":"https:\/\/restaurantes-valencia.com\/it\/wp-json\/wp\/v2\/users\/1"}],"replies":[{"embeddable":true,"href":"https:\/\/restaurantes-valencia.com\/it\/wp-json\/wp\/v2\/comments?post=5784"}],"version-history":[{"count":4,"href":"https:\/\/restaurantes-valencia.com\/it\/wp-json\/wp\/v2\/pages\/5784\/revisions"}],"predecessor-version":[{"id":5817,"href":"https:\/\/restaurantes-valencia.com\/it\/wp-json\/wp\/v2\/pages\/5784\/revisions\/5817"}],"up":[{"embeddable":true,"href":"https:\/\/restaurantes-valencia.com\/it\/wp-json\/wp\/v2\/pages\/5771"}],"wp:featuredmedia":[{"embeddable":true,"href":"https:\/\/restaurantes-valencia.com\/it\/wp-json\/wp\/v2\/media\/5769"}],"wp:attachment":[{"href":"https:\/\/restaurantes-valencia.com\/it\/wp-json\/wp\/v2\/media?parent=5784"}],"curies":[{"name":"wp","href":"https:\/\/api.w.org\/{rel}","templated":true}]}}